{"id":22805,"date":"2022-10-26T15:06:40","date_gmt":"2022-10-26T13:06:40","guid":{"rendered":"https:\/\/libralures.com\/home\/"},"modified":"2025-11-01T18:50:55","modified_gmt":"2025-11-01T17:50:55","slug":"home","status":"publish","type":"page","link":"https:\/\/libralures.com\/de\/","title":{"rendered":"HOME"},"content":{"rendered":"\t\t<div data-elementor-type=\"wp-page\" data-elementor-id=\"22805\" class=\"elementor elementor-22805 elementor-26\" data-elementor-post-type=\"page\">\n\t\t\t\t<div class=\"elementor-element elementor-element-c4b7fca e-con-full e-flex e-con e-parent\" data-id=\"c4b7fca\" data-element_type=\"container\" data-e-type=\"container\">\n\t\t\t\t<div class=\"elementor-element elementor-element-7842194 animated-slow elementor--h-position-center elementor--v-position-middle elementor-invisible elementor-widget elementor-widget-slides\" data-id=\"7842194\" data-element_type=\"widget\" data-e-type=\"widget\" data-settings=\"{&quot;transition&quot;:&quot;fade&quot;,&quot;transition_speed&quot;:1200,&quot;_animation&quot;:&quot;fadeIn&quot;,&quot;navigation&quot;:&quot;none&quot;,&quot;autoplay_speed&quot;:2300,&quot;autoplay&quot;:&quot;yes&quot;,&quot;pause_on_hover&quot;:&quot;yes&quot;,&quot;pause_on_interaction&quot;:&quot;yes&quot;,&quot;infinite&quot;:&quot;yes&quot;}\" data-widget_type=\"slides.default\">\n\t\t\t\t<div class=\"elementor-widget-container\">\n\t\t\t\t\t\t\t\t\t<div class=\"elementor-swiper\">\n\t\t\t\t\t<div class=\"elementor-slides-wrapper elementor-main-swiper swiper\" role=\"region\" aria-roledescription=\"carousel\" aria-label=\"Slides\" dir=\"ltr\" data-animation=\"zoomIn\">\n\t\t\t\t<div class=\"swiper-wrapper elementor-slides\">\n\t\t\t\t\t\t\t\t\t\t<div class=\"elementor-repeater-item-0197da0 swiper-slide\" role=\"group\" aria-roledescription=\"slide\"><div class=\"swiper-slide-bg\" role=\"img\" aria-label=\"Libra lures trout series slider cel informacyjny\"><\/div><div class=\"swiper-slide-inner\" ><div class=\"swiper-slide-contents\"><\/div><\/div><\/div><div class=\"elementor-repeater-item-a35b678 swiper-slide\" role=\"group\" aria-roledescription=\"slide\"><div class=\"swiper-slide-bg\" role=\"img\" aria-label=\"Libra lures predator series slider cel informacyjny\"><\/div><div class=\"swiper-slide-inner\" ><div class=\"swiper-slide-contents\"><\/div><\/div><\/div><div class=\"elementor-repeater-item-e525b57 swiper-slide\" role=\"group\" aria-roledescription=\"slide\"><div class=\"swiper-slide-bg\" role=\"img\" aria-label=\"Libra lures vertical pelagic series slider cel informacyjny\"><\/div><div class=\"swiper-slide-inner\" ><div class=\"swiper-slide-contents\"><\/div><\/div><\/div><div class=\"elementor-repeater-item-25c9f8c swiper-slide\" role=\"group\" aria-roledescription=\"slide\"><div class=\"swiper-slide-bg\" role=\"img\" aria-label=\"Libra lures Pelagic Vertical Series Bleak V-Tail slider cel informacyjny\"><\/div><div class=\"swiper-slide-inner\" ><div class=\"swiper-slide-contents\"><\/div><\/div><\/div><div class=\"elementor-repeater-item-de5019b swiper-slide\" role=\"group\" aria-roledescription=\"slide\"><div class=\"swiper-slide-bg\" role=\"img\" aria-label=\"Libra lures aromaty slider cel informacyjny\"><\/div><div class=\"swiper-slide-inner\" ><div class=\"swiper-slide-contents\"><\/div><\/div><\/div>\t\t\t\t<\/div>\n\t\t\t\t\t\t\t\t\t\t\t\t\t\t\t\t\t\t\t\t\t<\/div>\n\t\t\t\t<\/div>\n\t\t\t\t\t\t\t\t<\/div>\n\t\t\t\t<\/div>\n\t\t\t\t<\/div>\n\t\t<div class=\"elementor-element elementor-element-e29871a e-flex e-con-boxed e-con e-parent\" data-id=\"e29871a\" data-element_type=\"container\" data-e-type=\"container\">\n\t\t\t\t\t<div class=\"e-con-inner\">\n\t\t\t\t<div class=\"elementor-element elementor-element-6357310 elementor-widget elementor-widget-heading\" data-id=\"6357310\" data-element_type=\"widget\" data-e-type=\"widget\" data-widget_type=\"heading.default\">\n\t\t\t\t<div class=\"elementor-widget-container\">\n\t\t\t\t\t<h2 class=\"elementor-heading-title elementor-size-default\">\u00dcber uns<\/h2>\t\t\t\t<\/div>\n\t\t\t\t<\/div>\n\t\t\t\t<div class=\"elementor-element elementor-element-f3dd0e8 elementor-widget elementor-widget-heading\" data-id=\"f3dd0e8\" data-element_type=\"widget\" data-e-type=\"widget\" data-widget_type=\"heading.default\">\n\t\t\t\t<div class=\"elementor-widget-container\">\n\t\t\t\t\t<h2 class=\"elementor-heading-title elementor-size-default\">Aus Leidenschaft und Liebe zum Angeln<\/h2>\t\t\t\t<\/div>\n\t\t\t\t<\/div>\n\t\t\t\t<div class=\"elementor-element elementor-element-b737b53 elementor-widget elementor-widget-text-editor\" data-id=\"b737b53\" data-element_type=\"widget\" data-e-type=\"widget\" data-widget_type=\"text-editor.default\">\n\t\t\t\t<div class=\"elementor-widget-container\">\n\t\t\t\t\t\t\t\t\t<p>Wir sind eine Gruppe von leidenschaftlichen Anglern, die die Marke <strong>Libra Lures<\/strong> auf der Grundlage jahrelanger Erfahrung im Spinnfischen aufgebaut haben. Wir besch\u00e4ftigen uns <strong>mit der Herstellung von Kunstk\u00f6dern<\/strong>, die entwickelt wurden, <strong>um alle Arten von Fischen zu fangen, die sich von Insekten und Larven ern\u00e4hren.<\/strong> <\/p><p>Einer der Gr\u00fcnderv\u00e4ter der Marke ist <strong>Mateusz Okon<\/strong> &#8211; ein langj\u00e4hriger Teilnehmer am <strong>Polnischen GPx<\/strong> in der Disziplin Spinnfischen und ein Teilnehmer <strong>an den Weltmeisterschaften.<\/strong><\/p><p>Der Hauptdesigner ist <strong>Tomasz Podkul<\/strong>, aktueller <strong>Polnischer Meister 2022<\/strong> und <strong>Weltmeister (Frankreich 2019)<\/strong> im Forellenangeln vom Ufer mit der Spinnmethode.<\/p><p>Die Auswahl der Materialien f\u00fcr die K\u00f6der, die Produktionstechnik und die gesamte Organisation des Projekts liegen in der Verantwortung von <strong>Adam Chmielowski<\/strong>, der seine Erfahrungen in gro\u00dfen Organisationen gesammelt hat. Unsere gr\u00f6\u00dfte Herausforderung war die Auswahl der Produktionstechnologie und des Materials f\u00fcr ein Produkt, an dem die Fische nicht gleichg\u00fcltig vor\u00fcbergehen w\u00fcrden. <\/p><p>Nach harten Versuchen \u00fcber viele Monate hinweg ist es uns gelungen, alle Hindernisse zu \u00fcberwinden und ein sehr weiches Material mit hohem Auftrieb und gleichzeitig resistent gegen die scharfen Z\u00e4hne der Raubfische zu erhalten.<br>TROUT SERIES<br>Eine Forellenserie mit dreizehn Modellen in bis zu 20 sehr effektiven Farben. Die K\u00f6der gibt es in den Gr\u00f6\u00dfen 18 &#8211; 95 mm in den Geschmacksrichtungen K\u00e4se, Krill, unaromatisch und als Neuheit Knoblauch!<br>BASS SERIES<br>Besteht aus vier Modellen in 12 Farben und den Gr\u00f6\u00dfen 128 &#8211; 148 mm. Diese Serie basiert auf einer neuen Verbindung namens &#8222;Salt Worm Project&#8220;. Sie wurde mit einer Salzbasis entwickelt, die zur Appetitanregung und zum Aroma des Krills beitr\u00e4gt. Das Material ist sehr weich und stark und verleiht dem K\u00f6der eine nat\u00fcrliche Aktion.<br>PREDATOR SERIE<br>Die PREDATOR Serie besteht aus drei Modellen. Der Embrion Shad, der Kraken Shad und der Embrion Twist Tail wurden f\u00fcr den Fang von Raubfischen wie Hecht, Zander, Barsch und anderen in unseren Gew\u00e4ssern vorkommenden Raubfischen entwickelt. Sie sind in den Gr\u00f6\u00dfen 45 &#8211; 205 mm in einer breiten Farbpalette erh\u00e4ltlich.<br>VERTIKALE\/PELAGISCHE SERIE<br>Die langj\u00e4hrige Erfahrung mit dieser Methode hat uns erlaubt, vier h\u00f6llisch effektive Modelle zu entwickeln: Grundel, Toter Fisch, Frosch und Schneckenschwanz.      <\/p><p>In diesem Katalog werden Produkte vorgestellt, die aus Leidenschaft, Liebe zum Angeln und der Verbundenheit mit der Natur entstanden sind<\/p><p>Wir laden Sie ein, einen Blick auf unser Angebot zu werfen.<br><strong>Libra Lures Team<\/strong><\/p>\t\t\t\t\t\t\t\t<\/div>\n\t\t\t\t<\/div>\n\t\t\t\t<div class=\"elementor-element elementor-element-2e8c421 elementor-widget elementor-widget-image\" data-id=\"2e8c421\" data-element_type=\"widget\" data-e-type=\"widget\" data-widget_type=\"image.default\">\n\t\t\t\t<div class=\"elementor-widget-container\">\n\t\t\t\t\t\t\t\t\t\t\t\t\t\t\t<img fetchpriority=\"high\" decoding=\"async\" width=\"800\" height=\"598\" src=\"https:\/\/libralures.com\/wp-content\/uploads\/2024\/05\/Libra-Lures-sztuczne-przynety-ilustracja-strona-home-cel-ozdobny-1024x766.jpg\" class=\"attachment-large size-large wp-image-17011\" alt=\"\" srcset=\"https:\/\/libralures.com\/wp-content\/uploads\/2024\/05\/Libra-Lures-sztuczne-przynety-ilustracja-strona-home-cel-ozdobny-1024x766.jpg 1024w, https:\/\/libralures.com\/wp-content\/uploads\/2024\/05\/Libra-Lures-sztuczne-przynety-ilustracja-strona-home-cel-ozdobny-300x224.jpg 300w, https:\/\/libralures.com\/wp-content\/uploads\/2024\/05\/Libra-Lures-sztuczne-przynety-ilustracja-strona-home-cel-ozdobny-768x574.jpg 768w, https:\/\/libralures.com\/wp-content\/uploads\/2024\/05\/Libra-Lures-sztuczne-przynety-ilustracja-strona-home-cel-ozdobny-1536x1149.jpg 1536w, https:\/\/libralures.com\/wp-content\/uploads\/2024\/05\/Libra-Lures-sztuczne-przynety-ilustracja-strona-home-cel-ozdobny.jpg 1920w\" sizes=\"(max-width: 800px) 100vw, 800px\" \/>\t\t\t\t\t\t\t\t\t\t\t\t\t\t\t<\/div>\n\t\t\t\t<\/div>\n\t\t\t\t\t<\/div>\n\t\t\t\t<\/div>\n\t\t\t\t<\/div>\n\t\t","protected":false},"excerpt":{"rendered":"<p>\u00dcber uns Aus Leidenschaft und Liebe zum Angeln Wir sind eine Gruppe von leidenschaftlichen Anglern, die die Marke Libra Lures auf der Grundlage jahrelanger Erfahrung im Spinnfischen aufgebaut haben. Wir besch\u00e4ftigen uns mit der Herstellung von Kunstk\u00f6dern, die entwickelt wurden, um alle Arten von Fischen zu fangen, die sich von Insekten und Larven ern\u00e4hren. Einer [&hellip;]<\/p>\n","protected":false},"author":1,"featured_media":0,"parent":0,"menu_order":0,"comment_status":"closed","ping_status":"closed","template":"","meta":{"footnotes":""},"class_list":["post-22805","page","type-page","status-publish","hentry"],"_links":{"self":[{"href":"https:\/\/libralures.com\/de\/wp-json\/wp\/v2\/pages\/22805","targetHints":{"allow":["GET"]}}],"collection":[{"href":"https:\/\/libralures.com\/de\/wp-json\/wp\/v2\/pages"}],"about":[{"href":"https:\/\/libralures.com\/de\/wp-json\/wp\/v2\/types\/page"}],"author":[{"embeddable":true,"href":"https:\/\/libralures.com\/de\/wp-json\/wp\/v2\/users\/1"}],"replies":[{"embeddable":true,"href":"https:\/\/libralures.com\/de\/wp-json\/wp\/v2\/comments?post=22805"}],"version-history":[{"count":12,"href":"https:\/\/libralures.com\/de\/wp-json\/wp\/v2\/pages\/22805\/revisions"}],"predecessor-version":[{"id":26907,"href":"https:\/\/libralures.com\/de\/wp-json\/wp\/v2\/pages\/22805\/revisions\/26907"}],"wp:attachment":[{"href":"https:\/\/libralures.com\/de\/wp-json\/wp\/v2\/media?parent=22805"}],"curies":[{"name":"wp","href":"https:\/\/api.w.org\/{rel}","templated":true}]}}