{"id":22809,"date":"2025-03-22T16:45:13","date_gmt":"2025-03-22T15:45:13","guid":{"rendered":"https:\/\/libralures.com\/blind-bag\/"},"modified":"2025-05-06T13:26:22","modified_gmt":"2025-05-06T11:26:22","slug":"blind-bag","status":"publish","type":"page","link":"https:\/\/libralures.com\/de\/blind-bag\/","title":{"rendered":"BLIND BAG"},"content":{"rendered":"\t\t<div data-elementor-type=\"wp-page\" data-elementor-id=\"22809\" class=\"elementor elementor-22809 elementor-22479\" data-elementor-post-type=\"page\">\n\t\t\t\t\t\t<section class=\"elementor-section elementor-top-section elementor-element elementor-element-40e5064c elementor-section-boxed elementor-section-height-default elementor-section-height-default\" data-id=\"40e5064c\" data-element_type=\"section\" data-e-type=\"section\">\n\t\t\t\t\t\t<div class=\"elementor-container elementor-column-gap-default\">\n\t\t\t\t\t<div class=\"elementor-column elementor-col-100 elementor-top-column elementor-element elementor-element-a429c8d\" data-id=\"a429c8d\" data-element_type=\"column\" data-e-type=\"column\">\n\t\t\t<div class=\"elementor-widget-wrap elementor-element-populated\">\n\t\t\t\t\t\t<div class=\"elementor-element elementor-element-55163bc5 elementor-widget elementor-widget-heading\" data-id=\"55163bc5\" data-element_type=\"widget\" data-e-type=\"widget\" data-widget_type=\"heading.default\">\n\t\t\t\t<div class=\"elementor-widget-container\">\n\t\t\t\t\t<h2 class=\"elementor-heading-title elementor-size-default\">BLIND BAGS<\/h2>\t\t\t\t<\/div>\n\t\t\t\t<\/div>\n\t\t\t\t\t<\/div>\n\t\t<\/div>\n\t\t\t\t\t<\/div>\n\t\t<\/section>\n\t\t\t\t<section class=\"elementor-section elementor-top-section elementor-element elementor-element-769f9747 elementor-section-boxed elementor-section-height-default elementor-section-height-default\" data-id=\"769f9747\" data-element_type=\"section\" data-e-type=\"section\">\n\t\t\t\t\t\t<div class=\"elementor-container elementor-column-gap-default\">\n\t\t\t\t\t<div class=\"elementor-column elementor-col-100 elementor-top-column elementor-element elementor-element-1c55589f\" data-id=\"1c55589f\" data-element_type=\"column\" data-e-type=\"column\">\n\t\t\t<div class=\"elementor-widget-wrap elementor-element-populated\">\n\t\t\t\t\t\t<div class=\"elementor-element elementor-element-1b4b98d4 elementor-widget elementor-widget-heading\" data-id=\"1b4b98d4\" data-element_type=\"widget\" data-e-type=\"widget\" data-widget_type=\"heading.default\">\n\t\t\t\t<div class=\"elementor-widget-container\">\n\t\t\t\t\t<h2 class=\"elementor-heading-title elementor-size-default\">GEHEIMNISVOLLE K\u00d6DER-T\u00dcTE<br>F\u00dcR ANGLER!\n<\/h2>\t\t\t\t<\/div>\n\t\t\t\t<\/div>\n\t\t\t\t<div class=\"elementor-element elementor-element-75f3b4a0 elementor-widget-divider--view-line elementor-widget elementor-widget-divider\" data-id=\"75f3b4a0\" data-element_type=\"widget\" data-e-type=\"widget\" data-widget_type=\"divider.default\">\n\t\t\t\t<div class=\"elementor-widget-container\">\n\t\t\t\t\t\t\t<div class=\"elementor-divider\">\n\t\t\t<span class=\"elementor-divider-separator\">\n\t\t\t\t\t\t<\/span>\n\t\t<\/div>\n\t\t\t\t\t\t<\/div>\n\t\t\t\t<\/div>\n\t\t\t\t\t<\/div>\n\t\t<\/div>\n\t\t\t\t\t<\/div>\n\t\t<\/section>\n\t\t\t\t<section class=\"elementor-section elementor-top-section elementor-element elementor-element-54730b7a elementor-section-boxed elementor-section-height-default elementor-section-height-default\" data-id=\"54730b7a\" data-element_type=\"section\" data-e-type=\"section\">\n\t\t\t\t\t\t<div class=\"elementor-container elementor-column-gap-default\">\n\t\t\t\t\t<div class=\"elementor-column elementor-col-33 elementor-top-column elementor-element elementor-element-41b77450\" data-id=\"41b77450\" data-element_type=\"column\" data-e-type=\"column\">\n\t\t\t<div class=\"elementor-widget-wrap\">\n\t\t\t\t\t\t\t<\/div>\n\t\t<\/div>\n\t\t\t\t<div class=\"elementor-column elementor-col-33 elementor-top-column elementor-element elementor-element-90f4a4a\" data-id=\"90f4a4a\" data-element_type=\"column\" data-e-type=\"column\">\n\t\t\t<div class=\"elementor-widget-wrap elementor-element-populated\">\n\t\t\t\t\t\t<div class=\"elementor-element elementor-element-0e5ae3a elementor-widget elementor-widget-text-editor\" data-id=\"0e5ae3a\" data-element_type=\"widget\" data-e-type=\"widget\" data-widget_type=\"text-editor.default\">\n\t\t\t\t<div class=\"elementor-widget-container\">\n\t\t\t\t\t\t\t\t\t<p>Unsere <strong>Blind Bags<\/strong> sind eine spannende M\u00f6glichkeit, deine Angelausr\u00fcstung mit hochwertigen K\u00f6dern zu erg\u00e4nzen, die dich mit ihrer Wirksamkeit \u00fcberraschen werden!<\/p>\t\t\t\t\t\t\t\t<\/div>\n\t\t\t\t<\/div>\n\t\t\t\t<div class=\"elementor-element elementor-element-87c5d5b elementor-widget elementor-widget-heading\" data-id=\"87c5d5b\" data-element_type=\"widget\" data-e-type=\"widget\" data-widget_type=\"heading.default\">\n\t\t\t\t<div class=\"elementor-widget-container\">\n\t\t\t\t\t<h2 class=\"elementor-heading-title elementor-size-default\">F\u00dcR WEN?<\/h2>\t\t\t\t<\/div>\n\t\t\t\t<\/div>\n\t\t\t\t<div class=\"elementor-element elementor-element-1bea1f19 elementor-widget elementor-widget-icon-box\" data-id=\"1bea1f19\" data-element_type=\"widget\" data-e-type=\"widget\" data-widget_type=\"icon-box.default\">\n\t\t\t\t<div class=\"elementor-widget-container\">\n\t\t\t\t\t\t\t<div class=\"elementor-icon-box-wrapper\">\n\n\t\t\t\n\t\t\t\t\t\t<div class=\"elementor-icon-box-content\">\n\n\t\t\t\t\n\t\t\t\t\t\t\t\t\t<p class=\"elementor-icon-box-description\">\n\t\t\t\t\t\t\u2022 F\u00fcr Angler, die gerne mit neuen K\u00f6dern experimentieren,<br>\n\n\u2022 F\u00fcr Nutzer unserer K\u00f6der, die vom Aktionspreis profitieren m\u00f6chten,<br>\n\n\u2022 F\u00fcr Fans verschiedener Spinnfisch-Techniken auf der Suche nach effektiven L\u00f6sungen,<br>\u2022 F\u00fcr Sammler, die ihre Tackleboxen mit einzigartigen Produkten erweitern wollen,<br>\u2022 F\u00fcr alle, die ein gro\u00dfartiges Geschenk f\u00fcr einen Angler suchen!\n\n\t\t\t\t\t<\/p>\n\t\t\t\t\n\t\t\t<\/div>\n\t\t\t\n\t\t<\/div>\n\t\t\t\t\t\t<\/div>\n\t\t\t\t<\/div>\n\t\t\t\t\t<\/div>\n\t\t<\/div>\n\t\t\t\t<div class=\"elementor-column elementor-col-33 elementor-top-column elementor-element elementor-element-dfb6d2f\" data-id=\"dfb6d2f\" data-element_type=\"column\" data-e-type=\"column\">\n\t\t\t<div class=\"elementor-widget-wrap\">\n\t\t\t\t\t\t\t<\/div>\n\t\t<\/div>\n\t\t\t\t\t<\/div>\n\t\t<\/section>\n\t\t\t\t<section class=\"elementor-section elementor-top-section elementor-element elementor-element-5169c875 elementor-section-full_width elementor-section-height-default elementor-section-height-default\" data-id=\"5169c875\" data-element_type=\"section\" data-e-type=\"section\">\n\t\t\t\t\t\t<div class=\"elementor-container elementor-column-gap-default\">\n\t\t\t\t\t<div class=\"elementor-column elementor-col-100 elementor-top-column elementor-element elementor-element-1943e8f4\" data-id=\"1943e8f4\" data-element_type=\"column\" data-e-type=\"column\">\n\t\t\t<div class=\"elementor-widget-wrap elementor-element-populated\">\n\t\t\t\t\t\t<div class=\"elementor-element elementor-element-940f512 elementor-widget elementor-widget-image\" data-id=\"940f512\" data-element_type=\"widget\" data-e-type=\"widget\" data-widget_type=\"image.default\">\n\t\t\t\t<div class=\"elementor-widget-container\">\n\t\t\t\t\t\t\t\t\t\t\t\t\t\t\t<img fetchpriority=\"high\" decoding=\"async\" width=\"2560\" height=\"1310\" src=\"https:\/\/libralures.com\/wp-content\/uploads\/2025\/03\/Libra-Lures-blind-bag-scaled.jpg\" class=\"attachment-full size-full wp-image-22810\" alt=\"\" srcset=\"https:\/\/libralures.com\/wp-content\/uploads\/2025\/03\/Libra-Lures-blind-bag-scaled.jpg 2560w, https:\/\/libralures.com\/wp-content\/uploads\/2025\/03\/Libra-Lures-blind-bag-300x154.jpg 300w, https:\/\/libralures.com\/wp-content\/uploads\/2025\/03\/Libra-Lures-blind-bag-1024x524.jpg 1024w, https:\/\/libralures.com\/wp-content\/uploads\/2025\/03\/Libra-Lures-blind-bag-768x393.jpg 768w, https:\/\/libralures.com\/wp-content\/uploads\/2025\/03\/Libra-Lures-blind-bag-1536x786.jpg 1536w, https:\/\/libralures.com\/wp-content\/uploads\/2025\/03\/Libra-Lures-blind-bag-2048x1048.jpg 2048w\" sizes=\"(max-width: 2560px) 100vw, 2560px\" \/>\t\t\t\t\t\t\t\t\t\t\t\t\t\t\t<\/div>\n\t\t\t\t<\/div>\n\t\t\t\t<div class=\"elementor-element elementor-element-1b472534 elementor-widget elementor-widget-heading\" data-id=\"1b472534\" data-element_type=\"widget\" data-e-type=\"widget\" data-widget_type=\"heading.default\">\n\t\t\t\t<div class=\"elementor-widget-container\">\n\t\t\t\t\t<h3 class=\"elementor-heading-title elementor-size-default\">Libra Lures Blind Bag \u2013 zur Information<br><b>Jede T\u00fcte<\/b> (Gr\u00f6\u00dfe 25x35 cm) ist <b>ein echtes R\u00e4tsel <\/b>\u2013 du wei\u00dft nie, welcher K\u00f6der<br>und in welcher Farbe dich erwartet \u2013 <b>ein zus\u00e4tzlicher Adrenalinkick garantiert!<\/b><\/h3>\t\t\t\t<\/div>\n\t\t\t\t<\/div>\n\t\t\t\t\t<\/div>\n\t\t<\/div>\n\t\t\t\t\t<\/div>\n\t\t<\/section>\n\t\t\t\t<section class=\"elementor-section elementor-top-section elementor-element elementor-element-78af191b elementor-section-boxed elementor-section-height-default elementor-section-height-default\" data-id=\"78af191b\" data-element_type=\"section\" data-e-type=\"section\">\n\t\t\t\t\t\t<div class=\"elementor-container elementor-column-gap-custom\">\n\t\t\t\t\t<div class=\"elementor-column elementor-col-100 elementor-top-column elementor-element elementor-element-20eb8f65\" data-id=\"20eb8f65\" data-element_type=\"column\" data-e-type=\"column\">\n\t\t\t<div class=\"elementor-widget-wrap elementor-element-populated\">\n\t\t\t\t\t\t<div class=\"elementor-element elementor-element-946bc3c elementor-widget elementor-widget-heading\" data-id=\"946bc3c\" data-element_type=\"widget\" data-e-type=\"widget\" data-widget_type=\"heading.default\">\n\t\t\t\t<div class=\"elementor-widget-container\">\n\t\t\t\t\t<h2 class=\"elementor-heading-title elementor-size-default\"><b>INHALT DER EINZELNEN BLIND BAGS<\/b><\/h2>\t\t\t\t<\/div>\n\t\t\t\t<\/div>\n\t\t\t\t<div class=\"elementor-element elementor-element-473ef20b elementor-widget elementor-widget-icon-box\" data-id=\"473ef20b\" data-element_type=\"widget\" data-e-type=\"widget\" data-widget_type=\"icon-box.default\">\n\t\t\t\t<div class=\"elementor-widget-container\">\n\t\t\t\t\t\t\t<div class=\"elementor-icon-box-wrapper\">\n\n\t\t\t\n\t\t\t\t\t\t<div class=\"elementor-icon-box-content\">\n\n\t\t\t\t\n\t\t\t\t\t\t\t\t\t<p class=\"elementor-icon-box-description\">\n\t\t\t\t\t\t<b>\u2022 MIX<\/b> \u2013 niemand wei\u00df, was sich darin verbirgt?!<br>\n<b>\u2022 VERTICAL\/PELAGIC SERIE<\/b> \u2013 Gobio 7,3\u201d, Frog-Tadpole Tail 8,2\u201d, Bleak-Slug Tail 8,2\u201d und Dead Fish 6,7\u201d in farblich abgestimmten Varianten f\u00fcr jede Bedingung am Wasser.<br>\n<b>\u2022 TROUT SERIE<\/b> \u2013 10 gezielt ausgew\u00e4hlte Gl\u00e4ser mit erfolgreichen K\u00f6dern, zusammengestellt von Mitgliedern der nationalen Forellenmannschaft.<br>\n<b>\u2022 PREDATOR SERIE \u2013 PERCH<\/b> \u2013 Barsch-Set mit 12 Packungen unserer kleinsten K\u00e4mpfer, die dir helfen, die gr\u00f6\u00dften gestreiften R\u00e4uber und andere jungfischfressende Arten zu fangen!<br>\n<b>\u2022 PREDATOR SERIE \u2013 PIKE &amp; ZANDER<\/b> \u2013 Universelles Zander- und Hecht-Set mit K\u00f6dern von 4\u201d\/10 cm bis 8\u201d\/20,5 cm.<br>\n<b>\u2022 BASS SERIE<\/b> \u2013 8er-Set, speziell zusammengestellt, um die schwer f\u00e4ngigsten R\u00e4uber wie Zander, Meerforellen, Hechte, gro\u00dfe Barsche und Bass zu \u00fcberlisten. \t\t\t\t\t<\/p>\n\t\t\t\t\n\t\t\t<\/div>\n\t\t\t\n\t\t<\/div>\n\t\t\t\t\t\t<\/div>\n\t\t\t\t<\/div>\n\t\t\t\t<div class=\"elementor-element elementor-element-237477c7 elementor-align-start elementor-mobile-align-center elementor-icon-list--layout-traditional elementor-list-item-link-full_width elementor-widget elementor-widget-icon-list\" data-id=\"237477c7\" data-element_type=\"widget\" data-e-type=\"widget\" data-widget_type=\"icon-list.default\">\n\t\t\t\t<div class=\"elementor-widget-container\">\n\t\t\t\t\t\t\t<ul class=\"elementor-icon-list-items\">\n\t\t\t\t\t\t\t<li class=\"elementor-icon-list-item\">\n\t\t\t\t\t\t\t\t\t\t\t<span class=\"elementor-icon-list-icon\">\n\t\t\t\t\t\t\t<i aria-hidden=\"true\" class=\"fas fa-star-of-life\"><\/i>\t\t\t\t\t\t<\/span>\n\t\t\t\t\t\t\t\t\t\t<span class=\"elementor-icon-list-text\">Der Inhalt der Blind Bags kann variieren.<\/span>\n\t\t\t\t\t\t\t\t\t<\/li>\n\t\t\t\t\t\t<\/ul>\n\t\t\t\t\t\t<\/div>\n\t\t\t\t<\/div>\n\t\t\t\t\t<\/div>\n\t\t<\/div>\n\t\t\t\t\t<\/div>\n\t\t<\/section>\n\t\t\t\t<\/div>\n\t\t","protected":false},"excerpt":{"rendered":"<p>BLIND BAGS GEHEIMNISVOLLE K\u00d6DER-T\u00dcTEF\u00dcR ANGLER! Unsere Blind Bags sind eine spannende M\u00f6glichkeit, deine Angelausr\u00fcstung mit hochwertigen K\u00f6dern zu erg\u00e4nzen, die dich mit ihrer Wirksamkeit \u00fcberraschen werden! F\u00dcR WEN? \u2022 F\u00fcr Angler, die gerne mit neuen K\u00f6dern experimentieren, \u2022 F\u00fcr Nutzer unserer K\u00f6der, die vom Aktionspreis profitieren m\u00f6chten, \u2022 F\u00fcr Fans verschiedener Spinnfisch-Techniken auf der Suche [&hellip;]<\/p>\n","protected":false},"author":1,"featured_media":0,"parent":0,"menu_order":0,"comment_status":"closed","ping_status":"closed","template":"","meta":{"footnotes":""},"class_list":["post-22809","page","type-page","status-publish","hentry"],"_links":{"self":[{"href":"https:\/\/libralures.com\/de\/wp-json\/wp\/v2\/pages\/22809","targetHints":{"allow":["GET"]}}],"collection":[{"href":"https:\/\/libralures.com\/de\/wp-json\/wp\/v2\/pages"}],"about":[{"href":"https:\/\/libralures.com\/de\/wp-json\/wp\/v2\/types\/page"}],"author":[{"embeddable":true,"href":"https:\/\/libralures.com\/de\/wp-json\/wp\/v2\/users\/1"}],"replies":[{"embeddable":true,"href":"https:\/\/libralures.com\/de\/wp-json\/wp\/v2\/comments?post=22809"}],"version-history":[{"count":14,"href":"https:\/\/libralures.com\/de\/wp-json\/wp\/v2\/pages\/22809\/revisions"}],"predecessor-version":[{"id":22824,"href":"https:\/\/libralures.com\/de\/wp-json\/wp\/v2\/pages\/22809\/revisions\/22824"}],"wp:attachment":[{"href":"https:\/\/libralures.com\/de\/wp-json\/wp\/v2\/media?parent=22809"}],"curies":[{"name":"wp","href":"https:\/\/api.w.org\/{rel}","templated":true}]}}