{"id":26800,"date":"2025-10-24T19:38:25","date_gmt":"2025-10-24T17:38:25","guid":{"rendered":"https:\/\/libralures.com\/aromas\/"},"modified":"2026-04-18T20:45:36","modified_gmt":"2026-04-18T18:45:36","slug":"aromas","status":"publish","type":"page","link":"https:\/\/libralures.com\/de\/aromas\/","title":{"rendered":"AROMAS"},"content":{"rendered":"\t\t<div data-elementor-type=\"wp-page\" data-elementor-id=\"26800\" class=\"elementor elementor-26800 elementor-26729\" data-elementor-post-type=\"page\">\n\t\t\t\t\t\t<section class=\"elementor-section elementor-top-section elementor-element elementor-element-3274660c elementor-section-boxed elementor-section-height-default elementor-section-height-default\" data-id=\"3274660c\" data-element_type=\"section\" data-e-type=\"section\">\n\t\t\t\t\t\t<div class=\"elementor-container elementor-column-gap-default\">\n\t\t\t\t\t<div class=\"elementor-column elementor-col-100 elementor-top-column elementor-element elementor-element-4df0f3b7\" data-id=\"4df0f3b7\" data-element_type=\"column\" data-e-type=\"column\">\n\t\t\t<div class=\"elementor-widget-wrap elementor-element-populated\">\n\t\t\t\t\t\t<div class=\"elementor-element elementor-element-635229f8 elementor-widget elementor-widget-heading\" data-id=\"635229f8\" data-element_type=\"widget\" data-e-type=\"widget\" data-widget_type=\"heading.default\">\n\t\t\t\t<div class=\"elementor-widget-container\">\n\t\t\t\t\t<h2 class=\"elementor-heading-title elementor-size-default\">AROMAS<\/h2>\t\t\t\t<\/div>\n\t\t\t\t<\/div>\n\t\t\t\t\t<\/div>\n\t\t<\/div>\n\t\t\t\t\t<\/div>\n\t\t<\/section>\n\t\t<div class=\"elementor-element elementor-element-59ef9af e-flex e-con-boxed e-con e-parent\" data-id=\"59ef9af\" data-element_type=\"container\" data-e-type=\"container\">\n\t\t\t\t\t<div class=\"e-con-inner\">\n\t\t<div class=\"elementor-element elementor-element-d301451 e-con-full e-flex e-con e-child\" data-id=\"d301451\" data-element_type=\"container\" data-e-type=\"container\">\n\t\t\t\t<div class=\"elementor-element elementor-element-4f6aa36 elementor-widget elementor-widget-heading\" data-id=\"4f6aa36\" data-element_type=\"widget\" data-e-type=\"widget\" data-widget_type=\"heading.default\">\n\t\t\t\t<div class=\"elementor-widget-container\">\n\t\t\t\t\t<h2 class=\"elementor-heading-title elementor-size-default\">DUFTATRAKTOREN IN ZERST\u00c4UBERN<\/h2>\t\t\t\t<\/div>\n\t\t\t\t<\/div>\n\t\t\t\t<div class=\"elementor-element elementor-element-7c17286 elementor-widget elementor-widget-text-editor\" data-id=\"7c17286\" data-element_type=\"widget\" data-e-type=\"widget\" data-widget_type=\"text-editor.default\">\n\t\t\t\t<div class=\"elementor-widget-container\">\n\t\t\t\t\t\t\t\t\t<p>ENTWICKELT F\u00dcR DIE ANSPRUCHSVOLLSTEN ANGELER. SEIN INTENSIVER, NAT\u00dcRLICHER GERUCH ZIEHT RAUBFISCHE UND FRIEDLICHE FRISCHWASSERFISCHE AUS GROSSER ENTFERNUNG AN, REGT SIE AN UND PROVOKIERT SIE ZUM ANGRIFF. <\/p>\t\t\t\t\t\t\t\t<\/div>\n\t\t\t\t<\/div>\n\t\t\t\t<div class=\"elementor-element elementor-element-29ef0af e-transform elementor-widget elementor-widget-image\" data-id=\"29ef0af\" data-element_type=\"widget\" data-e-type=\"widget\" data-settings=\"{&quot;_transform_scale_effect&quot;:{&quot;unit&quot;:&quot;px&quot;,&quot;size&quot;:1.1,&quot;sizes&quot;:[]},&quot;_transform_scale_effect_tablet&quot;:{&quot;unit&quot;:&quot;px&quot;,&quot;size&quot;:&quot;&quot;,&quot;sizes&quot;:[]},&quot;_transform_scale_effect_mobile&quot;:{&quot;unit&quot;:&quot;px&quot;,&quot;size&quot;:&quot;&quot;,&quot;sizes&quot;:[]}}\" data-widget_type=\"image.default\">\n\t\t\t\t<div class=\"elementor-widget-container\">\n\t\t\t\t\t\t\t\t\t\t\t\t<figure class=\"wp-caption\">\n\t\t\t\t\t\t\t\t\t\t<img fetchpriority=\"high\" decoding=\"async\" width=\"1854\" height=\"1260\" src=\"https:\/\/libralures.com\/wp-content\/uploads\/2026\/04\/LIBRA-LURES-ATRAKTORY-ZAPACHOWE-9-AROMATOW.jpg\" class=\"attachment-full size-full wp-image-28338\" alt=\"LIBRA LURES ATRAKTORY ZAPACHOWE 9 AROMATOW CEL INFORMACYJNY\" srcset=\"https:\/\/libralures.com\/wp-content\/uploads\/2026\/04\/LIBRA-LURES-ATRAKTORY-ZAPACHOWE-9-AROMATOW.jpg 1854w, https:\/\/libralures.com\/wp-content\/uploads\/2026\/04\/LIBRA-LURES-ATRAKTORY-ZAPACHOWE-9-AROMATOW-300x204.jpg 300w, https:\/\/libralures.com\/wp-content\/uploads\/2026\/04\/LIBRA-LURES-ATRAKTORY-ZAPACHOWE-9-AROMATOW-1024x696.jpg 1024w, https:\/\/libralures.com\/wp-content\/uploads\/2026\/04\/LIBRA-LURES-ATRAKTORY-ZAPACHOWE-9-AROMATOW-768x522.jpg 768w, https:\/\/libralures.com\/wp-content\/uploads\/2026\/04\/LIBRA-LURES-ATRAKTORY-ZAPACHOWE-9-AROMATOW-1536x1044.jpg 1536w\" sizes=\"(max-width: 1854px) 100vw, 1854px\" \/>\t\t\t\t\t\t\t\t\t\t\t<figcaption class=\"widget-image-caption wp-caption-text\">INHALT: 50 ml<\/figcaption>\n\t\t\t\t\t\t\t\t\t\t<\/figure>\n\t\t\t\t\t\t\t\t\t<\/div>\n\t\t\t\t<\/div>\n\t\t\t\t<div class=\"elementor-element elementor-element-05cd994 elementor-widget elementor-widget-text-editor\" data-id=\"05cd994\" data-element_type=\"widget\" data-e-type=\"widget\" data-widget_type=\"text-editor.default\">\n\t\t\t\t<div class=\"elementor-widget-container\">\n\t\t\t\t\t\t\t\t\t<p>ANWENDUNG: FLASCHE VOR GEBRAUCH SCH\u00dcTTELN, VOR DEM AUSWERFEN AUF DIE OBERFL\u00c4CHE DES K\u00d6RPERS SPR\u00dcHEN UND DIE ERGEBNISSE \u00dcBER DEM WASSER GENIESSEN. BEST\u00c4NDIG GEGEN SCHNELLES ABSP\u00dcLEN DURCH WASSER W\u00c4HREND DES ANGELNS. BEI BEDARF ANWENDUNG WIEDERHOLEN.  <\/p>\t\t\t\t\t\t\t\t<\/div>\n\t\t\t\t<\/div>\n\t\t\t\t<\/div>\n\t\t<div class=\"elementor-element elementor-element-df764a0 e-con-full e-flex e-con e-child\" data-id=\"df764a0\" data-element_type=\"container\" data-e-type=\"container\">\n\t\t\t\t<div class=\"elementor-element elementor-element-9302503 e-transform e-transform elementor-widget elementor-widget-heading\" data-id=\"9302503\" data-element_type=\"widget\" data-e-type=\"widget\" data-settings=\"{&quot;_transform_rotateZ_effect&quot;:{&quot;unit&quot;:&quot;px&quot;,&quot;size&quot;:-45,&quot;sizes&quot;:[]},&quot;_transform_translateX_effect&quot;:{&quot;unit&quot;:&quot;px&quot;,&quot;size&quot;:-50,&quot;sizes&quot;:[]},&quot;_transform_translateX_effect_mobile&quot;:{&quot;unit&quot;:&quot;px&quot;,&quot;size&quot;:-60,&quot;sizes&quot;:[]},&quot;_transform_translateY_effect&quot;:{&quot;unit&quot;:&quot;px&quot;,&quot;size&quot;:9,&quot;sizes&quot;:[]},&quot;_transform_rotateZ_effect_tablet&quot;:{&quot;unit&quot;:&quot;deg&quot;,&quot;size&quot;:&quot;&quot;,&quot;sizes&quot;:[]},&quot;_transform_rotateZ_effect_mobile&quot;:{&quot;unit&quot;:&quot;deg&quot;,&quot;size&quot;:&quot;&quot;,&quot;sizes&quot;:[]},&quot;_transform_translateX_effect_tablet&quot;:{&quot;unit&quot;:&quot;px&quot;,&quot;size&quot;:&quot;&quot;,&quot;sizes&quot;:[]},&quot;_transform_translateY_effect_tablet&quot;:{&quot;unit&quot;:&quot;px&quot;,&quot;size&quot;:&quot;&quot;,&quot;sizes&quot;:[]},&quot;_transform_translateY_effect_mobile&quot;:{&quot;unit&quot;:&quot;px&quot;,&quot;size&quot;:&quot;&quot;,&quot;sizes&quot;:[]}}\" data-widget_type=\"heading.default\">\n\t\t\t\t<div class=\"elementor-widget-container\">\n\t\t\t\t\t<h2 class=\"elementor-heading-title elementor-size-default\">NEUHEIT<\/h2>\t\t\t\t<\/div>\n\t\t\t\t<\/div>\n\t\t\t\t<div class=\"elementor-element elementor-element-0763aa6 elementor-widget elementor-widget-image\" data-id=\"0763aa6\" data-element_type=\"widget\" data-e-type=\"widget\" data-widget_type=\"image.default\">\n\t\t\t\t<div class=\"elementor-widget-container\">\n\t\t\t\t\t\t\t\t\t\t\t\t<figure class=\"wp-caption\">\n\t\t\t\t\t\t\t\t\t\t<img decoding=\"async\" width=\"964\" height=\"1215\" src=\"https:\/\/libralures.com\/wp-content\/uploads\/2026\/04\/01-Libra-Lures-atraktor-zapachowy-w-atomizerze-aromat-ANISE.jpg\" class=\"attachment-full size-full wp-image-28316\" alt=\"Libra Lures atraktor zapachowy w atomizerze aromat ANISE CEL INFORMACYJNY\" srcset=\"https:\/\/libralures.com\/wp-content\/uploads\/2026\/04\/01-Libra-Lures-atraktor-zapachowy-w-atomizerze-aromat-ANISE.jpg 964w, https:\/\/libralures.com\/wp-content\/uploads\/2026\/04\/01-Libra-Lures-atraktor-zapachowy-w-atomizerze-aromat-ANISE-238x300.jpg 238w, https:\/\/libralures.com\/wp-content\/uploads\/2026\/04\/01-Libra-Lures-atraktor-zapachowy-w-atomizerze-aromat-ANISE-812x1024.jpg 812w, https:\/\/libralures.com\/wp-content\/uploads\/2026\/04\/01-Libra-Lures-atraktor-zapachowy-w-atomizerze-aromat-ANISE-768x968.jpg 768w\" sizes=\"(max-width: 964px) 100vw, 964px\" \/>\t\t\t\t\t\t\t\t\t\t\t<figcaption class=\"widget-image-caption wp-caption-text\">AROMA ANISE<\/figcaption>\n\t\t\t\t\t\t\t\t\t\t<\/figure>\n\t\t\t\t\t\t\t\t\t<\/div>\n\t\t\t\t<\/div>\n\t\t\t\t<\/div>\n\t\t<div class=\"elementor-element elementor-element-abd2f37 e-con-full e-flex e-con e-child\" data-id=\"abd2f37\" data-element_type=\"container\" data-e-type=\"container\">\n\t\t\t\t<div class=\"elementor-element elementor-element-f1626e7 e-transform e-transform elementor-widget elementor-widget-heading\" data-id=\"f1626e7\" data-element_type=\"widget\" data-e-type=\"widget\" data-settings=\"{&quot;_transform_rotateZ_effect&quot;:{&quot;unit&quot;:&quot;px&quot;,&quot;size&quot;:-45,&quot;sizes&quot;:[]},&quot;_transform_translateX_effect&quot;:{&quot;unit&quot;:&quot;px&quot;,&quot;size&quot;:-50,&quot;sizes&quot;:[]},&quot;_transform_translateX_effect_mobile&quot;:{&quot;unit&quot;:&quot;px&quot;,&quot;size&quot;:-60,&quot;sizes&quot;:[]},&quot;_transform_translateY_effect&quot;:{&quot;unit&quot;:&quot;px&quot;,&quot;size&quot;:9,&quot;sizes&quot;:[]},&quot;_transform_rotateZ_effect_tablet&quot;:{&quot;unit&quot;:&quot;deg&quot;,&quot;size&quot;:&quot;&quot;,&quot;sizes&quot;:[]},&quot;_transform_rotateZ_effect_mobile&quot;:{&quot;unit&quot;:&quot;deg&quot;,&quot;size&quot;:&quot;&quot;,&quot;sizes&quot;:[]},&quot;_transform_translateX_effect_tablet&quot;:{&quot;unit&quot;:&quot;px&quot;,&quot;size&quot;:&quot;&quot;,&quot;sizes&quot;:[]},&quot;_transform_translateY_effect_tablet&quot;:{&quot;unit&quot;:&quot;px&quot;,&quot;size&quot;:&quot;&quot;,&quot;sizes&quot;:[]},&quot;_transform_translateY_effect_mobile&quot;:{&quot;unit&quot;:&quot;px&quot;,&quot;size&quot;:&quot;&quot;,&quot;sizes&quot;:[]}}\" data-widget_type=\"heading.default\">\n\t\t\t\t<div class=\"elementor-widget-container\">\n\t\t\t\t\t<h2 class=\"elementor-heading-title elementor-size-default\">NEUHEIT<\/h2>\t\t\t\t<\/div>\n\t\t\t\t<\/div>\n\t\t\t\t<div class=\"elementor-element elementor-element-961562f e-transform elementor-widget elementor-widget-image\" data-id=\"961562f\" data-element_type=\"widget\" data-e-type=\"widget\" data-settings=\"{&quot;_transform_translateX_effect&quot;:{&quot;unit&quot;:&quot;px&quot;,&quot;size&quot;:&quot;&quot;,&quot;sizes&quot;:[]},&quot;_transform_translateX_effect_tablet&quot;:{&quot;unit&quot;:&quot;px&quot;,&quot;size&quot;:&quot;&quot;,&quot;sizes&quot;:[]},&quot;_transform_translateX_effect_mobile&quot;:{&quot;unit&quot;:&quot;px&quot;,&quot;size&quot;:&quot;&quot;,&quot;sizes&quot;:[]},&quot;_transform_translateY_effect&quot;:{&quot;unit&quot;:&quot;px&quot;,&quot;size&quot;:&quot;&quot;,&quot;sizes&quot;:[]},&quot;_transform_translateY_effect_tablet&quot;:{&quot;unit&quot;:&quot;px&quot;,&quot;size&quot;:&quot;&quot;,&quot;sizes&quot;:[]},&quot;_transform_translateY_effect_mobile&quot;:{&quot;unit&quot;:&quot;px&quot;,&quot;size&quot;:&quot;&quot;,&quot;sizes&quot;:[]}}\" data-widget_type=\"image.default\">\n\t\t\t\t<div class=\"elementor-widget-container\">\n\t\t\t\t\t\t\t\t\t\t\t\t<figure class=\"wp-caption\">\n\t\t\t\t\t\t\t\t\t\t<img decoding=\"async\" width=\"964\" height=\"1215\" src=\"https:\/\/libralures.com\/wp-content\/uploads\/2026\/04\/02-Libra-Lures-atraktor-zapachowy-w-atomizerze-aromat-BLOODWORM.jpg\" class=\"attachment-full size-full wp-image-28323\" alt=\"Libra Lures atraktor zapachowy w atomizerze aromat BLOODWORM CEL INFORMACYJNY\" srcset=\"https:\/\/libralures.com\/wp-content\/uploads\/2026\/04\/02-Libra-Lures-atraktor-zapachowy-w-atomizerze-aromat-BLOODWORM.jpg 964w, https:\/\/libralures.com\/wp-content\/uploads\/2026\/04\/02-Libra-Lures-atraktor-zapachowy-w-atomizerze-aromat-BLOODWORM-238x300.jpg 238w, https:\/\/libralures.com\/wp-content\/uploads\/2026\/04\/02-Libra-Lures-atraktor-zapachowy-w-atomizerze-aromat-BLOODWORM-812x1024.jpg 812w, https:\/\/libralures.com\/wp-content\/uploads\/2026\/04\/02-Libra-Lures-atraktor-zapachowy-w-atomizerze-aromat-BLOODWORM-768x968.jpg 768w\" sizes=\"(max-width: 964px) 100vw, 964px\" \/>\t\t\t\t\t\t\t\t\t\t\t<figcaption class=\"widget-image-caption wp-caption-text\">aroma bloodworm<\/figcaption>\n\t\t\t\t\t\t\t\t\t\t<\/figure>\n\t\t\t\t\t\t\t\t\t<\/div>\n\t\t\t\t<\/div>\n\t\t\t\t<\/div>\n\t\t<div class=\"elementor-element elementor-element-4127c43 e-con-full e-flex e-con e-child\" data-id=\"4127c43\" data-element_type=\"container\" data-e-type=\"container\">\n\t\t\t\t<div class=\"elementor-element elementor-element-28346af e-transform e-transform e-transform elementor-widget elementor-widget-heading\" data-id=\"28346af\" data-element_type=\"widget\" data-e-type=\"widget\" data-settings=\"{&quot;_transform_rotateZ_effect&quot;:{&quot;unit&quot;:&quot;px&quot;,&quot;size&quot;:-45,&quot;sizes&quot;:[]},&quot;_transform_translateX_effect&quot;:{&quot;unit&quot;:&quot;px&quot;,&quot;size&quot;:-50,&quot;sizes&quot;:[]},&quot;_transform_translateX_effect_mobile&quot;:{&quot;unit&quot;:&quot;px&quot;,&quot;size&quot;:-60,&quot;sizes&quot;:[]},&quot;_transform_translateY_effect&quot;:{&quot;unit&quot;:&quot;px&quot;,&quot;size&quot;:9,&quot;sizes&quot;:[]},&quot;_transform_rotateZ_effect_tablet&quot;:{&quot;unit&quot;:&quot;deg&quot;,&quot;size&quot;:&quot;&quot;,&quot;sizes&quot;:[]},&quot;_transform_rotateZ_effect_mobile&quot;:{&quot;unit&quot;:&quot;deg&quot;,&quot;size&quot;:&quot;&quot;,&quot;sizes&quot;:[]},&quot;_transform_translateX_effect_tablet&quot;:{&quot;unit&quot;:&quot;px&quot;,&quot;size&quot;:&quot;&quot;,&quot;sizes&quot;:[]},&quot;_transform_translateY_effect_tablet&quot;:{&quot;unit&quot;:&quot;px&quot;,&quot;size&quot;:&quot;&quot;,&quot;sizes&quot;:[]},&quot;_transform_translateY_effect_mobile&quot;:{&quot;unit&quot;:&quot;px&quot;,&quot;size&quot;:&quot;&quot;,&quot;sizes&quot;:[]},&quot;_transform_scale_effect&quot;:{&quot;unit&quot;:&quot;px&quot;,&quot;size&quot;:&quot;&quot;,&quot;sizes&quot;:[]},&quot;_transform_scale_effect_tablet&quot;:{&quot;unit&quot;:&quot;px&quot;,&quot;size&quot;:&quot;&quot;,&quot;sizes&quot;:[]},&quot;_transform_scale_effect_mobile&quot;:{&quot;unit&quot;:&quot;px&quot;,&quot;size&quot;:&quot;&quot;,&quot;sizes&quot;:[]}}\" data-widget_type=\"heading.default\">\n\t\t\t\t<div class=\"elementor-widget-container\">\n\t\t\t\t\t<h2 class=\"elementor-heading-title elementor-size-default\">NEUHEIT<\/h2>\t\t\t\t<\/div>\n\t\t\t\t<\/div>\n\t\t\t\t<div class=\"elementor-element elementor-element-159b17f elementor-widget elementor-widget-image\" data-id=\"159b17f\" data-element_type=\"widget\" data-e-type=\"widget\" data-widget_type=\"image.default\">\n\t\t\t\t<div class=\"elementor-widget-container\">\n\t\t\t\t\t\t\t\t\t\t\t\t<figure class=\"wp-caption\">\n\t\t\t\t\t\t\t\t\t\t<img loading=\"lazy\" decoding=\"async\" width=\"964\" height=\"1215\" src=\"https:\/\/libralures.com\/wp-content\/uploads\/2026\/04\/03-Libra-Lures-atraktor-zapachowy-w-atomizerze-aromat-VANILLA.jpg\" class=\"attachment-full size-full wp-image-28328\" alt=\"Libra Lures atraktor zapachowy w atomizerze aromat VANILLA CEL INFORMACYJNY\" srcset=\"https:\/\/libralures.com\/wp-content\/uploads\/2026\/04\/03-Libra-Lures-atraktor-zapachowy-w-atomizerze-aromat-VANILLA.jpg 964w, https:\/\/libralures.com\/wp-content\/uploads\/2026\/04\/03-Libra-Lures-atraktor-zapachowy-w-atomizerze-aromat-VANILLA-238x300.jpg 238w, https:\/\/libralures.com\/wp-content\/uploads\/2026\/04\/03-Libra-Lures-atraktor-zapachowy-w-atomizerze-aromat-VANILLA-812x1024.jpg 812w, https:\/\/libralures.com\/wp-content\/uploads\/2026\/04\/03-Libra-Lures-atraktor-zapachowy-w-atomizerze-aromat-VANILLA-768x968.jpg 768w\" sizes=\"(max-width: 964px) 100vw, 964px\" \/>\t\t\t\t\t\t\t\t\t\t\t<figcaption class=\"widget-image-caption wp-caption-text\">aroma valilla<\/figcaption>\n\t\t\t\t\t\t\t\t\t\t<\/figure>\n\t\t\t\t\t\t\t\t\t<\/div>\n\t\t\t\t<\/div>\n\t\t\t\t<\/div>\n\t\t<div class=\"elementor-element elementor-element-51a3eff e-con-full e-flex e-con e-child\" data-id=\"51a3eff\" data-element_type=\"container\" data-e-type=\"container\">\n\t\t\t\t<div class=\"elementor-element elementor-element-be31553 elementor-widget elementor-widget-image\" data-id=\"be31553\" data-element_type=\"widget\" data-e-type=\"widget\" data-widget_type=\"image.default\">\n\t\t\t\t<div class=\"elementor-widget-container\">\n\t\t\t\t\t\t\t\t\t\t\t\t<figure class=\"wp-caption\">\n\t\t\t\t\t\t\t\t\t\t<img loading=\"lazy\" decoding=\"async\" width=\"964\" height=\"1215\" src=\"https:\/\/libralures.com\/wp-content\/uploads\/2025\/10\/Libra-Lures-atraktor-zapachowy-w-atomizerze-aromat-bubblegum.jpg\" class=\"attachment-full size-full wp-image-26745\" alt=\"Libra Lures atraktor zapachowy w atomizerze aromat bubblegum CEL INFORMACYJNY\" srcset=\"https:\/\/libralures.com\/wp-content\/uploads\/2025\/10\/Libra-Lures-atraktor-zapachowy-w-atomizerze-aromat-bubblegum.jpg 964w, https:\/\/libralures.com\/wp-content\/uploads\/2025\/10\/Libra-Lures-atraktor-zapachowy-w-atomizerze-aromat-bubblegum-238x300.jpg 238w, https:\/\/libralures.com\/wp-content\/uploads\/2025\/10\/Libra-Lures-atraktor-zapachowy-w-atomizerze-aromat-bubblegum-812x1024.jpg 812w, https:\/\/libralures.com\/wp-content\/uploads\/2025\/10\/Libra-Lures-atraktor-zapachowy-w-atomizerze-aromat-bubblegum-768x968.jpg 768w\" sizes=\"(max-width: 964px) 100vw, 964px\" \/>\t\t\t\t\t\t\t\t\t\t\t<figcaption class=\"widget-image-caption wp-caption-text\">aroma bubblegum<\/figcaption>\n\t\t\t\t\t\t\t\t\t\t<\/figure>\n\t\t\t\t\t\t\t\t\t<\/div>\n\t\t\t\t<\/div>\n\t\t\t\t<\/div>\n\t\t<div class=\"elementor-element elementor-element-00bf971 e-con-full e-flex e-con e-child\" data-id=\"00bf971\" data-element_type=\"container\" data-e-type=\"container\">\n\t\t\t\t<div class=\"elementor-element elementor-element-42c8d7f elementor-widget elementor-widget-image\" data-id=\"42c8d7f\" data-element_type=\"widget\" data-e-type=\"widget\" data-widget_type=\"image.default\">\n\t\t\t\t<div class=\"elementor-widget-container\">\n\t\t\t\t\t\t\t\t\t\t\t\t<figure class=\"wp-caption\">\n\t\t\t\t\t\t\t\t\t\t<img loading=\"lazy\" decoding=\"async\" width=\"964\" height=\"1215\" src=\"https:\/\/libralures.com\/wp-content\/uploads\/2025\/10\/Libra-Lures-atraktor-zapachowy-w-atomizerze-aromat-cheese.jpg\" class=\"attachment-full size-full wp-image-26749\" alt=\"Libra Lures atraktor zapachowy w atomizerze aromat cheese CEL INFORMACYJNY\" srcset=\"https:\/\/libralures.com\/wp-content\/uploads\/2025\/10\/Libra-Lures-atraktor-zapachowy-w-atomizerze-aromat-cheese.jpg 964w, https:\/\/libralures.com\/wp-content\/uploads\/2025\/10\/Libra-Lures-atraktor-zapachowy-w-atomizerze-aromat-cheese-238x300.jpg 238w, https:\/\/libralures.com\/wp-content\/uploads\/2025\/10\/Libra-Lures-atraktor-zapachowy-w-atomizerze-aromat-cheese-812x1024.jpg 812w, https:\/\/libralures.com\/wp-content\/uploads\/2025\/10\/Libra-Lures-atraktor-zapachowy-w-atomizerze-aromat-cheese-768x968.jpg 768w\" sizes=\"(max-width: 964px) 100vw, 964px\" \/>\t\t\t\t\t\t\t\t\t\t\t<figcaption class=\"widget-image-caption wp-caption-text\">aroma cheese<\/figcaption>\n\t\t\t\t\t\t\t\t\t\t<\/figure>\n\t\t\t\t\t\t\t\t\t<\/div>\n\t\t\t\t<\/div>\n\t\t\t\t<\/div>\n\t\t<div class=\"elementor-element elementor-element-e959de4 e-con-full e-flex e-con e-child\" data-id=\"e959de4\" data-element_type=\"container\" data-e-type=\"container\">\n\t\t\t\t<div class=\"elementor-element elementor-element-261e7ea elementor-widget elementor-widget-image\" data-id=\"261e7ea\" data-element_type=\"widget\" data-e-type=\"widget\" data-widget_type=\"image.default\">\n\t\t\t\t<div class=\"elementor-widget-container\">\n\t\t\t\t\t\t\t\t\t\t\t\t<figure class=\"wp-caption\">\n\t\t\t\t\t\t\t\t\t\t<img loading=\"lazy\" decoding=\"async\" width=\"964\" height=\"1215\" src=\"https:\/\/libralures.com\/wp-content\/uploads\/2025\/10\/Libra-Lures-atraktor-zapachowy-w-atomizerze-aromat-exoticfruits.jpg\" class=\"attachment-full size-full wp-image-26753\" alt=\"Libra Lures atraktor zapachowy w atomizerze aromat exoticfruits CEL INFORMACYJNY\" srcset=\"https:\/\/libralures.com\/wp-content\/uploads\/2025\/10\/Libra-Lures-atraktor-zapachowy-w-atomizerze-aromat-exoticfruits.jpg 964w, https:\/\/libralures.com\/wp-content\/uploads\/2025\/10\/Libra-Lures-atraktor-zapachowy-w-atomizerze-aromat-exoticfruits-238x300.jpg 238w, https:\/\/libralures.com\/wp-content\/uploads\/2025\/10\/Libra-Lures-atraktor-zapachowy-w-atomizerze-aromat-exoticfruits-812x1024.jpg 812w, https:\/\/libralures.com\/wp-content\/uploads\/2025\/10\/Libra-Lures-atraktor-zapachowy-w-atomizerze-aromat-exoticfruits-768x968.jpg 768w\" sizes=\"(max-width: 964px) 100vw, 964px\" \/>\t\t\t\t\t\t\t\t\t\t\t<figcaption class=\"widget-image-caption wp-caption-text\">aroma exoticfruits<\/figcaption>\n\t\t\t\t\t\t\t\t\t\t<\/figure>\n\t\t\t\t\t\t\t\t\t<\/div>\n\t\t\t\t<\/div>\n\t\t\t\t<\/div>\n\t\t<div class=\"elementor-element elementor-element-313904a e-con-full e-flex e-con e-child\" data-id=\"313904a\" data-element_type=\"container\" data-e-type=\"container\">\n\t\t\t\t<div class=\"elementor-element elementor-element-5576334 elementor-widget elementor-widget-image\" data-id=\"5576334\" data-element_type=\"widget\" data-e-type=\"widget\" data-widget_type=\"image.default\">\n\t\t\t\t<div class=\"elementor-widget-container\">\n\t\t\t\t\t\t\t\t\t\t\t\t<figure class=\"wp-caption\">\n\t\t\t\t\t\t\t\t\t\t<img loading=\"lazy\" decoding=\"async\" width=\"964\" height=\"1215\" src=\"https:\/\/libralures.com\/wp-content\/uploads\/2025\/10\/Libra-Lures-atraktor-zapachowy-w-atomizerze-aromat-fish.jpg\" class=\"attachment-full size-full wp-image-26757\" alt=\"Libra Lures atraktor zapachowy w atomizerze aromat fish CEL INFORMACYJNY\" srcset=\"https:\/\/libralures.com\/wp-content\/uploads\/2025\/10\/Libra-Lures-atraktor-zapachowy-w-atomizerze-aromat-fish.jpg 964w, https:\/\/libralures.com\/wp-content\/uploads\/2025\/10\/Libra-Lures-atraktor-zapachowy-w-atomizerze-aromat-fish-238x300.jpg 238w, https:\/\/libralures.com\/wp-content\/uploads\/2025\/10\/Libra-Lures-atraktor-zapachowy-w-atomizerze-aromat-fish-812x1024.jpg 812w, https:\/\/libralures.com\/wp-content\/uploads\/2025\/10\/Libra-Lures-atraktor-zapachowy-w-atomizerze-aromat-fish-768x968.jpg 768w\" sizes=\"(max-width: 964px) 100vw, 964px\" \/>\t\t\t\t\t\t\t\t\t\t\t<figcaption class=\"widget-image-caption wp-caption-text\">aroma fish<\/figcaption>\n\t\t\t\t\t\t\t\t\t\t<\/figure>\n\t\t\t\t\t\t\t\t\t<\/div>\n\t\t\t\t<\/div>\n\t\t\t\t<\/div>\n\t\t<div class=\"elementor-element elementor-element-855035f e-con-full e-flex e-con e-child\" data-id=\"855035f\" data-element_type=\"container\" data-e-type=\"container\">\n\t\t\t\t<div class=\"elementor-element elementor-element-11abd02 elementor-widget elementor-widget-image\" data-id=\"11abd02\" data-element_type=\"widget\" data-e-type=\"widget\" data-widget_type=\"image.default\">\n\t\t\t\t<div class=\"elementor-widget-container\">\n\t\t\t\t\t\t\t\t\t\t\t\t<figure class=\"wp-caption\">\n\t\t\t\t\t\t\t\t\t\t<img loading=\"lazy\" decoding=\"async\" width=\"964\" height=\"1215\" src=\"https:\/\/libralures.com\/wp-content\/uploads\/2025\/10\/Libra-Lures-atraktor-zapachowy-w-atomizerze-aromat-garlic.jpg\" class=\"attachment-full size-full wp-image-26761\" alt=\"Libra Lures atraktor zapachowy w atomizerze aromat garlic CEL INFORMACYJNY\" srcset=\"https:\/\/libralures.com\/wp-content\/uploads\/2025\/10\/Libra-Lures-atraktor-zapachowy-w-atomizerze-aromat-garlic.jpg 964w, https:\/\/libralures.com\/wp-content\/uploads\/2025\/10\/Libra-Lures-atraktor-zapachowy-w-atomizerze-aromat-garlic-238x300.jpg 238w, https:\/\/libralures.com\/wp-content\/uploads\/2025\/10\/Libra-Lures-atraktor-zapachowy-w-atomizerze-aromat-garlic-812x1024.jpg 812w, https:\/\/libralures.com\/wp-content\/uploads\/2025\/10\/Libra-Lures-atraktor-zapachowy-w-atomizerze-aromat-garlic-768x968.jpg 768w\" sizes=\"(max-width: 964px) 100vw, 964px\" \/>\t\t\t\t\t\t\t\t\t\t\t<figcaption class=\"widget-image-caption wp-caption-text\">aroma garlic<\/figcaption>\n\t\t\t\t\t\t\t\t\t\t<\/figure>\n\t\t\t\t\t\t\t\t\t<\/div>\n\t\t\t\t<\/div>\n\t\t\t\t<\/div>\n\t\t<div class=\"elementor-element elementor-element-947f54e e-con-full e-flex e-con e-child\" data-id=\"947f54e\" data-element_type=\"container\" data-e-type=\"container\">\n\t\t\t\t<div class=\"elementor-element elementor-element-38d87e9 elementor-widget elementor-widget-image\" data-id=\"38d87e9\" data-element_type=\"widget\" data-e-type=\"widget\" data-widget_type=\"image.default\">\n\t\t\t\t<div class=\"elementor-widget-container\">\n\t\t\t\t\t\t\t\t\t\t\t\t<figure class=\"wp-caption\">\n\t\t\t\t\t\t\t\t\t\t<img loading=\"lazy\" decoding=\"async\" width=\"964\" height=\"1215\" src=\"https:\/\/libralures.com\/wp-content\/uploads\/2025\/10\/Libra-Lures-atraktor-zapachowy-w-atomizerze-aromat-krill.jpg\" class=\"attachment-full size-full wp-image-26765\" alt=\"Libra Lures atraktor zapachowy w atomizerze aromat krill CEL INFORMACYJNY\" srcset=\"https:\/\/libralures.com\/wp-content\/uploads\/2025\/10\/Libra-Lures-atraktor-zapachowy-w-atomizerze-aromat-krill.jpg 964w, https:\/\/libralures.com\/wp-content\/uploads\/2025\/10\/Libra-Lures-atraktor-zapachowy-w-atomizerze-aromat-krill-238x300.jpg 238w, https:\/\/libralures.com\/wp-content\/uploads\/2025\/10\/Libra-Lures-atraktor-zapachowy-w-atomizerze-aromat-krill-812x1024.jpg 812w, https:\/\/libralures.com\/wp-content\/uploads\/2025\/10\/Libra-Lures-atraktor-zapachowy-w-atomizerze-aromat-krill-768x968.jpg 768w\" sizes=\"(max-width: 964px) 100vw, 964px\" \/>\t\t\t\t\t\t\t\t\t\t\t<figcaption class=\"widget-image-caption wp-caption-text\">aroma krill<\/figcaption>\n\t\t\t\t\t\t\t\t\t\t<\/figure>\n\t\t\t\t\t\t\t\t\t<\/div>\n\t\t\t\t<\/div>\n\t\t\t\t<\/div>\n\t\t\t\t\t<\/div>\n\t\t\t\t<\/div>\n\t\t\t\t<\/div>\n\t\t","protected":false},"excerpt":{"rendered":"<p>AROMAS DUFTATRAKTOREN IN ZERST\u00c4UBERN ENTWICKELT F\u00dcR DIE ANSPRUCHSVOLLSTEN ANGELER. SEIN INTENSIVER, NAT\u00dcRLICHER GERUCH ZIEHT RAUBFISCHE UND FRIEDLICHE FRISCHWASSERFISCHE AUS GROSSER ENTFERNUNG AN, REGT SIE AN UND PROVOKIERT SIE ZUM ANGRIFF. INHALT: 50 ml ANWENDUNG: FLASCHE VOR GEBRAUCH SCH\u00dcTTELN, VOR DEM AUSWERFEN AUF DIE OBERFL\u00c4CHE DES K\u00d6RPERS SPR\u00dcHEN UND DIE ERGEBNISSE \u00dcBER DEM WASSER GENIESSEN. BEST\u00c4NDIG [&hellip;]<\/p>\n","protected":false},"author":1,"featured_media":0,"parent":0,"menu_order":0,"comment_status":"closed","ping_status":"closed","template":"","meta":{"footnotes":""},"class_list":["post-26800","page","type-page","status-publish","hentry"],"_links":{"self":[{"href":"https:\/\/libralures.com\/de\/wp-json\/wp\/v2\/pages\/26800","targetHints":{"allow":["GET"]}}],"collection":[{"href":"https:\/\/libralures.com\/de\/wp-json\/wp\/v2\/pages"}],"about":[{"href":"https:\/\/libralures.com\/de\/wp-json\/wp\/v2\/types\/page"}],"author":[{"embeddable":true,"href":"https:\/\/libralures.com\/de\/wp-json\/wp\/v2\/users\/1"}],"replies":[{"embeddable":true,"href":"https:\/\/libralures.com\/de\/wp-json\/wp\/v2\/comments?post=26800"}],"version-history":[{"count":0,"href":"https:\/\/libralures.com\/de\/wp-json\/wp\/v2\/pages\/26800\/revisions"}],"wp:attachment":[{"href":"https:\/\/libralures.com\/de\/wp-json\/wp\/v2\/media?parent=26800"}],"curies":[{"name":"wp","href":"https:\/\/api.w.org\/{rel}","templated":true}]}}